{"id":1981,"date":"2019-06-15T12:24:36","date_gmt":"2019-06-15T10:24:36","guid":{"rendered":"https:\/\/www.elferrooms.de\/wp\/?page_id=1981"},"modified":"2024-08-01T14:49:10","modified_gmt":"2024-08-01T12:49:10","slug":"rooms","status":"publish","type":"page","link":"https:\/\/www.elferrooms.de\/wp\/rooms\/","title":{"rendered":"Rooms"},"content":{"rendered":"<p>[vc_row css=&#8220;.vc_custom_1560597845231{margin-top: 0px !important;margin-right: 0px !important;margin-bottom: 0px !important;margin-left: 0px !important;border-top-width: 0px !important;border-right-width: 0px !important;border-bottom-width: 1px !important;border-left-width: 0px !important;padding-top: 0px !important;padding-right: 0px !important;padding-bottom: 0px !important;padding-left: 0px !important;border-left-color: #000000 !important;border-left-style: solid !important;border-right-color: #000000 !important;border-right-style: solid !important;border-top-color: #000000 !important;border-top-style: solid !important;border-bottom-color: #000000 !important;border-bottom-style: solid !important;}&#8220;][vc_column css=&#8220;.vc_custom_1560597831157{margin: 0px !important;padding: 0px !important;border: 0px initial !important;}&#8220;][\/vc_column][\/vc_row][vc_row css=&#8220;.vc_custom_1560595585956{margin-top: 50px !important;margin-bottom: 50px !important;}&#8220;][vc_column width=&#8220;1\/12&#8243;][\/vc_column][vc_column width=&#8220;10\/12&#8243;][vc_row_inner css=&#8220;.vc_custom_1561390763197{margin-top: 50px !important;}&#8220;][vc_column_inner width=&#8220;1\/2&#8243;][vc_column_text]<\/p>\n<p style=\"text-align: left;\">GUTER SCHLAF<\/p>\n<p>F\u00fcr bestm\u00f6gliche Schlafqualit\u00e4t zu sorgen, liegt uns besonders am Herzen. F\u00fcr eine optimale Schlafumgebung, setzen wir deshalb vom Bett bis hin zu den Bettwaren ausschlie\u00dflich auf nat\u00fcrliche deutsche Qualit\u00e4tsprodukte.[\/vc_column_text][\/vc_column_inner][vc_column_inner width=&#8220;1\/2&#8243;][vc_column_text]<\/p>\n<p style=\"text-align: left;\">GEF\u00dcHL VON ZUHAUSE<\/p>\n<p>Um unseren G\u00e4sten ein Gef\u00fchl von Zuhause zu geben, sind f\u00fcr uns kleine inklusive Serviceleistungen selbstverst\u00e4ndlich. Dazu geh\u00f6ren eine gute WLAN-Verbindung, die Smartfunktion am HD TV und die M\u00f6glichkeit, die eigene Lieblingsmusik abzuspielen.[\/vc_column_text][\/vc_column_inner][vc_column_inner width=&#8220;1\/2&#8243;][vc_column_text]<\/p>\n<p style=\"text-align: left;\">ENTSPANNUNG<\/p>\n<p>Das Herzst\u00fcck des Zimmers ist die Relaxnische. Die gem\u00fctliche Liegefl\u00e4che ist der optimale Platz zum Fernsehen, Lesen und Entspannen. Die Sonnenstunden lassen sich am besten auf dem eigenen Balkon genie\u00dfen.[\/vc_column_text][\/vc_column_inner][vc_column_inner width=&#8220;1\/2&#8243;][vc_column_text]<\/p>\n<p style=\"text-align: left;\">DAR\u00dcBER HINAUS<\/p>\n<p>Neben den M\u00f6glichkeiten auf dem Zimmer ist die Area11 24\/7 f\u00fcr unsere G\u00e4ste zug\u00e4nglich, um einen Snack oder Drink einzunehmen, zu arbeiten, oder durch die Lekt\u00fcre rund ums Thema Porsche zu st\u00f6bern.[\/vc_column_text][\/vc_column_inner][\/vc_row_inner][vc_row_inner css=&#8220;.vc_custom_1561303721959{margin-top: 50px !important;}&#8220;][vc_column_inner width=&#8220;1\/2&#8243;][vc_column_text]<\/p>\n<ul>\n<li>19 qm<\/li>\n<li>Queensize Bett (160&#215;200)<\/li>\n<li>Hochwertige Bettwaren deutscher Traditionsunternehmen<\/li>\n<li>HD Smart-TV<\/li>\n<li>Relaxnische<\/li>\n<\/ul>\n<p>[\/vc_column_text][\/vc_column_inner][vc_column_inner width=&#8220;1\/2&#8243;][vc_column_text]<\/p>\n<ul>\n<li>freies WLAN<\/li>\n<li>innovative Bodenk\u00fchlung<\/li>\n<li>begehbare Dusche<\/li>\n<li>Radio\/Bluetooth-Speaker<\/li>\n<li>Balkon<\/li>\n<\/ul>\n<p>[\/vc_column_text][\/vc_column_inner][\/vc_row_inner][\/vc_column][vc_column width=&#8220;1\/12&#8243;][\/vc_column][\/vc_row][vc_row css=&#8220;.vc_custom_1561309597936{margin-top: 100px !important;border-top-width: 1px !important;border-top-color: #000000 !important;border-top-style: solid !important;}&#8220;][vc_column width=&#8220;1\/12&#8243;][\/vc_column][vc_column width=&#8220;10\/12&#8243; el_class=&#8220;no-text-decoration&#8220;][vc_column_text]\n<div id=\"sb_instagram\"  class=\"sbi sbi_mob_col_1 sbi_tab_col_2 sbi_col_4 sbi_width_resp\" style=\"padding-bottom: 10px;\" data-feedid=\"*1\"  data-res=\"auto\" data-cols=\"4\" data-colsmobile=\"1\" data-colstablet=\"2\" data-num=\"4\" data-nummobile=\"2\" data-item-padding=\"5\" data-shortcode-atts=\"{&quot;feed&quot;:&quot;1&quot;,&quot;cachetime&quot;:30}\"  data-postid=\"1981\" data-locatornonce=\"b643a8353f\" data-sbi-flags=\"favorLocal,gdpr\">\n\t<div class=\"sb_instagram_header \"   >\n\t<a class=\"sbi_header_link\" target=\"_blank\" rel=\"nofollow noopener\" href=\"https:\/\/www.instagram.com\/elferrooms\/\" title=\"@elferrooms\">\n\t\t<div class=\"sbi_header_text sbi_no_bio\">\n\t\t\t<div class=\"sbi_header_img\">\n\t\t\t\t\t\t\t\t\t<div class=\"sbi_header_img_hover\"  ><svg class=\"sbi_new_logo fa-instagram fa-w-14\" aria-hidden=\"true\" data-fa-processed=\"\" aria-label=\"Instagram\" data-prefix=\"fab\" data-icon=\"instagram\" role=\"img\" viewBox=\"0 0 448 512\">\n\t                <path fill=\"currentColor\" d=\"M224.1 141c-63.6 0-114.9 51.3-114.9 114.9s51.3 114.9 114.9 114.9S339 319.5 339 255.9 287.7 141 224.1 141zm0 189.6c-41.1 0-74.7-33.5-74.7-74.7s33.5-74.7 74.7-74.7 74.7 33.5 74.7 74.7-33.6 74.7-74.7 74.7zm146.4-194.3c0 14.9-12 26.8-26.8 26.8-14.9 0-26.8-12-26.8-26.8s12-26.8 26.8-26.8 26.8 12 26.8 26.8zm76.1 27.2c-1.7-35.9-9.9-67.7-36.2-93.9-26.2-26.2-58-34.4-93.9-36.2-37-2.1-147.9-2.1-184.9 0-35.8 1.7-67.6 9.9-93.9 36.1s-34.4 58-36.2 93.9c-2.1 37-2.1 147.9 0 184.9 1.7 35.9 9.9 67.7 36.2 93.9s58 34.4 93.9 36.2c37 2.1 147.9 2.1 184.9 0 35.9-1.7 67.7-9.9 93.9-36.2 26.2-26.2 34.4-58 36.2-93.9 2.1-37 2.1-147.8 0-184.8zM398.8 388c-7.8 19.6-22.9 34.7-42.6 42.6-29.5 11.7-99.5 9-132.1 9s-102.7 2.6-132.1-9c-19.6-7.8-34.7-22.9-42.6-42.6-11.7-29.5-9-99.5-9-132.1s-2.6-102.7 9-132.1c7.8-19.6 22.9-34.7 42.6-42.6 29.5-11.7 99.5-9 132.1-9s102.7-2.6 132.1 9c19.6 7.8 34.7 22.9 42.6 42.6 11.7 29.5 9 99.5 9 132.1s2.7 102.7-9 132.1z\"><\/path>\n\t            <\/svg><\/div>\n\t\t\t\t\t<img loading=\"lazy\" decoding=\"async\"  src=\"https:\/\/www.elferrooms.de\/wp\/wp-content\/plugins\/instagram-feed\/img\/thumb-placeholder.png\" alt=\"elferrooms\" width=\"50\" height=\"50\">\n\t\t\t\t\t\t\t\t\t\t\t<\/div>\n\n\t\t\t<div class=\"sbi_feedtheme_header_text\">\n\t\t\t\t<h3>elferrooms<\/h3>\n\t\t\t\t\t\t\t<\/div>\n\t\t<\/div>\n\t<\/a>\n<\/div>\n\n    <div id=\"sbi_images\"  style=\"gap: 10px;\">\n\t\t<div class=\"sbi_item sbi_type_image sbi_new sbi_transition\" id=\"sbi_17982115382217843\" data-date=\"1694278295\">\n    <div class=\"sbi_photo_wrap\">\n        <a class=\"sbi_photo\" href=\"https:\/\/www.instagram.com\/p\/Cw-noRvI3b9\/\" target=\"_blank\" rel=\"noopener nofollow\" data-full-res=\"https:\/\/scontent-fra5-1.cdninstagram.com\/v\/t51.29350-15\/375939735_791472889396653_6185888984095872986_n.webp?stp=dst-jpg&#038;_nc_cat=100&#038;ccb=1-7&#038;_nc_sid=18de74&#038;_nc_ohc=dVx7UWj0MDoQ7kNvgFg9sfz&#038;_nc_ht=scontent-fra5-1.cdninstagram.com&#038;edm=ANo9K5cEAAAA&#038;gid=AfjMsHAjCTieFMPAqIlDssq&#038;oh=00_AYBnORwq8NR624VpBUIYSGTZeK4MUIEno-MN2oG0ofsFrA&#038;oe=66B1562F\" data-img-src-set=\"{&quot;d&quot;:&quot;https:\\\/\\\/scontent-fra5-1.cdninstagram.com\\\/v\\\/t51.29350-15\\\/375939735_791472889396653_6185888984095872986_n.webp?stp=dst-jpg&amp;_nc_cat=100&amp;ccb=1-7&amp;_nc_sid=18de74&amp;_nc_ohc=dVx7UWj0MDoQ7kNvgFg9sfz&amp;_nc_ht=scontent-fra5-1.cdninstagram.com&amp;edm=ANo9K5cEAAAA&amp;gid=AfjMsHAjCTieFMPAqIlDssq&amp;oh=00_AYBnORwq8NR624VpBUIYSGTZeK4MUIEno-MN2oG0ofsFrA&amp;oe=66B1562F&quot;,&quot;150&quot;:&quot;https:\\\/\\\/scontent-fra5-1.cdninstagram.com\\\/v\\\/t51.29350-15\\\/375939735_791472889396653_6185888984095872986_n.webp?stp=dst-jpg&amp;_nc_cat=100&amp;ccb=1-7&amp;_nc_sid=18de74&amp;_nc_ohc=dVx7UWj0MDoQ7kNvgFg9sfz&amp;_nc_ht=scontent-fra5-1.cdninstagram.com&amp;edm=ANo9K5cEAAAA&amp;gid=AfjMsHAjCTieFMPAqIlDssq&amp;oh=00_AYBnORwq8NR624VpBUIYSGTZeK4MUIEno-MN2oG0ofsFrA&amp;oe=66B1562F&quot;,&quot;320&quot;:&quot;https:\\\/\\\/scontent-fra5-1.cdninstagram.com\\\/v\\\/t51.29350-15\\\/375939735_791472889396653_6185888984095872986_n.webp?stp=dst-jpg&amp;_nc_cat=100&amp;ccb=1-7&amp;_nc_sid=18de74&amp;_nc_ohc=dVx7UWj0MDoQ7kNvgFg9sfz&amp;_nc_ht=scontent-fra5-1.cdninstagram.com&amp;edm=ANo9K5cEAAAA&amp;gid=AfjMsHAjCTieFMPAqIlDssq&amp;oh=00_AYBnORwq8NR624VpBUIYSGTZeK4MUIEno-MN2oG0ofsFrA&amp;oe=66B1562F&quot;,&quot;640&quot;:&quot;https:\\\/\\\/scontent-fra5-1.cdninstagram.com\\\/v\\\/t51.29350-15\\\/375939735_791472889396653_6185888984095872986_n.webp?stp=dst-jpg&amp;_nc_cat=100&amp;ccb=1-7&amp;_nc_sid=18de74&amp;_nc_ohc=dVx7UWj0MDoQ7kNvgFg9sfz&amp;_nc_ht=scontent-fra5-1.cdninstagram.com&amp;edm=ANo9K5cEAAAA&amp;gid=AfjMsHAjCTieFMPAqIlDssq&amp;oh=00_AYBnORwq8NR624VpBUIYSGTZeK4MUIEno-MN2oG0ofsFrA&amp;oe=66B1562F&quot;}\">\n            <span class=\"sbi-screenreader\">it&#039;s been a while since we posted a selfie \ud83d\udcf8\n\n#<\/span>\n            \t                    <img decoding=\"async\" src=\"https:\/\/www.elferrooms.de\/wp\/wp-content\/plugins\/instagram-feed\/img\/placeholder.png\" alt=\"it&#039;s been a while since we posted a selfie \ud83d\udcf8\n\n#elferrooms #elferroomshotel #boutiquehotel #hotelarchitecture #facade #concretearchitecture\">\n        <\/a>\n    <\/div>\n<\/div><div class=\"sbi_item sbi_type_image sbi_new sbi_transition\" id=\"sbi_17852501486879444\" data-date=\"1671185848\">\n    <div class=\"sbi_photo_wrap\">\n        <a class=\"sbi_photo\" href=\"https:\/\/www.instagram.com\/p\/CmOaSA9D4_j\/\" target=\"_blank\" rel=\"noopener nofollow\" data-full-res=\"https:\/\/scontent-fra5-1.cdninstagram.com\/v\/t51.29350-15\/319728794_5865156286863578_854836072573853329_n.webp?stp=dst-jpg&#038;_nc_cat=110&#038;ccb=1-7&#038;_nc_sid=18de74&#038;_nc_ohc=jrCykwTaZa8Q7kNvgGLYmxr&#038;_nc_ht=scontent-fra5-1.cdninstagram.com&#038;edm=ANo9K5cEAAAA&#038;gid=AfjMsHAjCTieFMPAqIlDssq&#038;oh=00_AYBSFCBSbcIcGK1Ca20fxdDezTmWzzYsW8brJCN1T7KkKA&#038;oe=66B161A3\" data-img-src-set=\"{&quot;d&quot;:&quot;https:\\\/\\\/scontent-fra5-1.cdninstagram.com\\\/v\\\/t51.29350-15\\\/319728794_5865156286863578_854836072573853329_n.webp?stp=dst-jpg&amp;_nc_cat=110&amp;ccb=1-7&amp;_nc_sid=18de74&amp;_nc_ohc=jrCykwTaZa8Q7kNvgGLYmxr&amp;_nc_ht=scontent-fra5-1.cdninstagram.com&amp;edm=ANo9K5cEAAAA&amp;gid=AfjMsHAjCTieFMPAqIlDssq&amp;oh=00_AYBSFCBSbcIcGK1Ca20fxdDezTmWzzYsW8brJCN1T7KkKA&amp;oe=66B161A3&quot;,&quot;150&quot;:&quot;https:\\\/\\\/scontent-fra5-1.cdninstagram.com\\\/v\\\/t51.29350-15\\\/319728794_5865156286863578_854836072573853329_n.webp?stp=dst-jpg&amp;_nc_cat=110&amp;ccb=1-7&amp;_nc_sid=18de74&amp;_nc_ohc=jrCykwTaZa8Q7kNvgGLYmxr&amp;_nc_ht=scontent-fra5-1.cdninstagram.com&amp;edm=ANo9K5cEAAAA&amp;gid=AfjMsHAjCTieFMPAqIlDssq&amp;oh=00_AYBSFCBSbcIcGK1Ca20fxdDezTmWzzYsW8brJCN1T7KkKA&amp;oe=66B161A3&quot;,&quot;320&quot;:&quot;https:\\\/\\\/scontent-fra5-1.cdninstagram.com\\\/v\\\/t51.29350-15\\\/319728794_5865156286863578_854836072573853329_n.webp?stp=dst-jpg&amp;_nc_cat=110&amp;ccb=1-7&amp;_nc_sid=18de74&amp;_nc_ohc=jrCykwTaZa8Q7kNvgGLYmxr&amp;_nc_ht=scontent-fra5-1.cdninstagram.com&amp;edm=ANo9K5cEAAAA&amp;gid=AfjMsHAjCTieFMPAqIlDssq&amp;oh=00_AYBSFCBSbcIcGK1Ca20fxdDezTmWzzYsW8brJCN1T7KkKA&amp;oe=66B161A3&quot;,&quot;640&quot;:&quot;https:\\\/\\\/scontent-fra5-1.cdninstagram.com\\\/v\\\/t51.29350-15\\\/319728794_5865156286863578_854836072573853329_n.webp?stp=dst-jpg&amp;_nc_cat=110&amp;ccb=1-7&amp;_nc_sid=18de74&amp;_nc_ohc=jrCykwTaZa8Q7kNvgGLYmxr&amp;_nc_ht=scontent-fra5-1.cdninstagram.com&amp;edm=ANo9K5cEAAAA&amp;gid=AfjMsHAjCTieFMPAqIlDssq&amp;oh=00_AYBSFCBSbcIcGK1Ca20fxdDezTmWzzYsW8brJCN1T7KkKA&amp;oe=66B161A3&quot;}\">\n            <span class=\"sbi-screenreader\">Weihnachtspause \ud83c\udf85\u2744\nab dem 09.01.23 sind wir w<\/span>\n            \t                    <img decoding=\"async\" src=\"https:\/\/www.elferrooms.de\/wp\/wp-content\/plugins\/instagram-feed\/img\/placeholder.png\" alt=\"Weihnachtspause \ud83c\udf85\u2744\nab dem 09.01.23 sind wir wieder zur\u00fcck\n\n\u2661 Liebe G\u00e4ste, herzlichen Dank f\u00fcr Ihre Treue - es macht uns viel Spa\u00df, Ihre Gastgeber zu sein!\n\n\u2661 Liebes Team, herzlichen Dank f\u00fcr die tolle Zusammenarbeit und euren unerm\u00fcdlichen Einsatz!\n\nWir w\u00fcnschen allen eine sch\u00f6ne, erholsame Weihnachtszeit und einen guten Start ins neue Jahr! \ud83c\udf84\ud83c\udf7e\">\n        <\/a>\n    <\/div>\n<\/div><div class=\"sbi_item sbi_type_image sbi_new sbi_transition\" id=\"sbi_18012570427443763\" data-date=\"1662880618\">\n    <div class=\"sbi_photo_wrap\">\n        <a class=\"sbi_photo\" href=\"https:\/\/www.instagram.com\/p\/CiW5UAlD-YQ\/\" target=\"_blank\" rel=\"noopener nofollow\" data-full-res=\"https:\/\/scontent-fra5-1.cdninstagram.com\/v\/t51.29350-15\/306396765_1258377851594304_4115326181177076520_n.webp?stp=dst-jpg&#038;_nc_cat=100&#038;ccb=1-7&#038;_nc_sid=18de74&#038;_nc_ohc=tCN5NLV_-7kQ7kNvgFI6Oz1&#038;_nc_ht=scontent-fra5-1.cdninstagram.com&#038;edm=ANo9K5cEAAAA&#038;gid=AfjMsHAjCTieFMPAqIlDssq&#038;oh=00_AYBFwfliZstUqZkLanOP9V_oTonYEoecyIXyFW7Wp396lg&#038;oe=66B14DA6\" data-img-src-set=\"{&quot;d&quot;:&quot;https:\\\/\\\/scontent-fra5-1.cdninstagram.com\\\/v\\\/t51.29350-15\\\/306396765_1258377851594304_4115326181177076520_n.webp?stp=dst-jpg&amp;_nc_cat=100&amp;ccb=1-7&amp;_nc_sid=18de74&amp;_nc_ohc=tCN5NLV_-7kQ7kNvgFI6Oz1&amp;_nc_ht=scontent-fra5-1.cdninstagram.com&amp;edm=ANo9K5cEAAAA&amp;gid=AfjMsHAjCTieFMPAqIlDssq&amp;oh=00_AYBFwfliZstUqZkLanOP9V_oTonYEoecyIXyFW7Wp396lg&amp;oe=66B14DA6&quot;,&quot;150&quot;:&quot;https:\\\/\\\/scontent-fra5-1.cdninstagram.com\\\/v\\\/t51.29350-15\\\/306396765_1258377851594304_4115326181177076520_n.webp?stp=dst-jpg&amp;_nc_cat=100&amp;ccb=1-7&amp;_nc_sid=18de74&amp;_nc_ohc=tCN5NLV_-7kQ7kNvgFI6Oz1&amp;_nc_ht=scontent-fra5-1.cdninstagram.com&amp;edm=ANo9K5cEAAAA&amp;gid=AfjMsHAjCTieFMPAqIlDssq&amp;oh=00_AYBFwfliZstUqZkLanOP9V_oTonYEoecyIXyFW7Wp396lg&amp;oe=66B14DA6&quot;,&quot;320&quot;:&quot;https:\\\/\\\/scontent-fra5-1.cdninstagram.com\\\/v\\\/t51.29350-15\\\/306396765_1258377851594304_4115326181177076520_n.webp?stp=dst-jpg&amp;_nc_cat=100&amp;ccb=1-7&amp;_nc_sid=18de74&amp;_nc_ohc=tCN5NLV_-7kQ7kNvgFI6Oz1&amp;_nc_ht=scontent-fra5-1.cdninstagram.com&amp;edm=ANo9K5cEAAAA&amp;gid=AfjMsHAjCTieFMPAqIlDssq&amp;oh=00_AYBFwfliZstUqZkLanOP9V_oTonYEoecyIXyFW7Wp396lg&amp;oe=66B14DA6&quot;,&quot;640&quot;:&quot;https:\\\/\\\/scontent-fra5-1.cdninstagram.com\\\/v\\\/t51.29350-15\\\/306396765_1258377851594304_4115326181177076520_n.webp?stp=dst-jpg&amp;_nc_cat=100&amp;ccb=1-7&amp;_nc_sid=18de74&amp;_nc_ohc=tCN5NLV_-7kQ7kNvgFI6Oz1&amp;_nc_ht=scontent-fra5-1.cdninstagram.com&amp;edm=ANo9K5cEAAAA&amp;gid=AfjMsHAjCTieFMPAqIlDssq&amp;oh=00_AYBFwfliZstUqZkLanOP9V_oTonYEoecyIXyFW7Wp396lg&amp;oe=66B14DA6&quot;}\">\n            <span class=\"sbi-screenreader\">Zuwachs im elferrooms-Team \ud83d\ude4c\n#elferrooms #elfer<\/span>\n            \t                    <img decoding=\"async\" src=\"https:\/\/www.elferrooms.de\/wp\/wp-content\/plugins\/instagram-feed\/img\/placeholder.png\" alt=\"Zuwachs im elferrooms-Team \ud83d\ude4c\n#elferrooms #elferroomshotel #boutiquehotel #hotelcrew #crewlove\">\n        <\/a>\n    <\/div>\n<\/div><div class=\"sbi_item sbi_type_image sbi_new sbi_transition\" id=\"sbi_17967358426599977\" data-date=\"1650642406\">\n    <div class=\"sbi_photo_wrap\">\n        <a class=\"sbi_photo\" href=\"https:\/\/www.instagram.com\/p\/CcqKxlkDVAU\/\" target=\"_blank\" rel=\"noopener nofollow\" data-full-res=\"https:\/\/scontent-fra5-1.cdninstagram.com\/v\/t51.29350-15\/278957051_1032401737373618_5010661736485158180_n.webp?stp=dst-jpg&#038;_nc_cat=100&#038;ccb=1-7&#038;_nc_sid=18de74&#038;_nc_ohc=FnO6NLEOLlAQ7kNvgFP78kU&#038;_nc_ht=scontent-fra5-1.cdninstagram.com&#038;edm=ANo9K5cEAAAA&#038;gid=AfjMsHAjCTieFMPAqIlDssq&#038;oh=00_AYAJoAP1wIdTVvBISoGM5pqhOPkj7WjMD2OOghaE7ex9Zw&#038;oe=66B142CD\" data-img-src-set=\"{&quot;d&quot;:&quot;https:\\\/\\\/scontent-fra5-1.cdninstagram.com\\\/v\\\/t51.29350-15\\\/278957051_1032401737373618_5010661736485158180_n.webp?stp=dst-jpg&amp;_nc_cat=100&amp;ccb=1-7&amp;_nc_sid=18de74&amp;_nc_ohc=FnO6NLEOLlAQ7kNvgFP78kU&amp;_nc_ht=scontent-fra5-1.cdninstagram.com&amp;edm=ANo9K5cEAAAA&amp;gid=AfjMsHAjCTieFMPAqIlDssq&amp;oh=00_AYAJoAP1wIdTVvBISoGM5pqhOPkj7WjMD2OOghaE7ex9Zw&amp;oe=66B142CD&quot;,&quot;150&quot;:&quot;https:\\\/\\\/scontent-fra5-1.cdninstagram.com\\\/v\\\/t51.29350-15\\\/278957051_1032401737373618_5010661736485158180_n.webp?stp=dst-jpg&amp;_nc_cat=100&amp;ccb=1-7&amp;_nc_sid=18de74&amp;_nc_ohc=FnO6NLEOLlAQ7kNvgFP78kU&amp;_nc_ht=scontent-fra5-1.cdninstagram.com&amp;edm=ANo9K5cEAAAA&amp;gid=AfjMsHAjCTieFMPAqIlDssq&amp;oh=00_AYAJoAP1wIdTVvBISoGM5pqhOPkj7WjMD2OOghaE7ex9Zw&amp;oe=66B142CD&quot;,&quot;320&quot;:&quot;https:\\\/\\\/scontent-fra5-1.cdninstagram.com\\\/v\\\/t51.29350-15\\\/278957051_1032401737373618_5010661736485158180_n.webp?stp=dst-jpg&amp;_nc_cat=100&amp;ccb=1-7&amp;_nc_sid=18de74&amp;_nc_ohc=FnO6NLEOLlAQ7kNvgFP78kU&amp;_nc_ht=scontent-fra5-1.cdninstagram.com&amp;edm=ANo9K5cEAAAA&amp;gid=AfjMsHAjCTieFMPAqIlDssq&amp;oh=00_AYAJoAP1wIdTVvBISoGM5pqhOPkj7WjMD2OOghaE7ex9Zw&amp;oe=66B142CD&quot;,&quot;640&quot;:&quot;https:\\\/\\\/scontent-fra5-1.cdninstagram.com\\\/v\\\/t51.29350-15\\\/278957051_1032401737373618_5010661736485158180_n.webp?stp=dst-jpg&amp;_nc_cat=100&amp;ccb=1-7&amp;_nc_sid=18de74&amp;_nc_ohc=FnO6NLEOLlAQ7kNvgFP78kU&amp;_nc_ht=scontent-fra5-1.cdninstagram.com&amp;edm=ANo9K5cEAAAA&amp;gid=AfjMsHAjCTieFMPAqIlDssq&amp;oh=00_AYAJoAP1wIdTVvBISoGM5pqhOPkj7WjMD2OOghaE7ex9Zw&amp;oe=66B142CD&quot;}\">\n            <span class=\"sbi-screenreader\">..we proudly present \ud83d\ude4c unsere neuen Cross Bikes<\/span>\n            \t                    <img decoding=\"async\" src=\"https:\/\/www.elferrooms.de\/wp\/wp-content\/plugins\/instagram-feed\/img\/placeholder.png\" alt=\"..we proudly present \ud83d\ude4c unsere neuen Cross Bikes zum kostenlosen Verleih \ud83d\udeb2\n\n#elferrooms #elferroomshotel #boutiquehotel #crossbike #hotelbike #f\u00fcrdieumwelt\">\n        <\/a>\n    <\/div>\n<\/div>    <\/div>\n\n\t<div id=\"sbi_load\" >\n\n\t\n\t\n<\/div>\n\n\t    <span class=\"sbi_resized_image_data\" data-feed-id=\"*1\" data-resized=\"{&quot;17982115382217843&quot;:{&quot;id&quot;:&quot;375939735_791472889396653_6185888984095872986_n&quot;,&quot;ratio&quot;:&quot;1.00&quot;,&quot;sizes&quot;:{&quot;full&quot;:640,&quot;low&quot;:320,&quot;thumb&quot;:150},&quot;extension&quot;:&quot;.jpg&quot;},&quot;17852501486879444&quot;:{&quot;id&quot;:&quot;319728794_5865156286863578_854836072573853329_n&quot;,&quot;ratio&quot;:&quot;0.80&quot;,&quot;sizes&quot;:{&quot;full&quot;:640,&quot;low&quot;:320,&quot;thumb&quot;:150},&quot;extension&quot;:&quot;.jpg&quot;},&quot;18012570427443763&quot;:{&quot;id&quot;:&quot;306396765_1258377851594304_4115326181177076520_n&quot;,&quot;ratio&quot;:&quot;1.33&quot;,&quot;sizes&quot;:{&quot;full&quot;:640,&quot;low&quot;:320,&quot;thumb&quot;:150},&quot;extension&quot;:&quot;.jpg&quot;},&quot;17967358426599977&quot;:{&quot;id&quot;:&quot;278957051_1032401737373618_5010661736485158180_n&quot;,&quot;ratio&quot;:&quot;0.80&quot;,&quot;sizes&quot;:{&quot;full&quot;:640,&quot;low&quot;:320,&quot;thumb&quot;:150},&quot;extension&quot;:&quot;.jpg&quot;}}\">\n\t<\/span>\n\t<\/div>\n\n[\/vc_column_text][\/vc_column][vc_column width=&#8220;1\/12&#8243;][\/vc_column][\/vc_row]<\/p>\n","protected":false},"excerpt":{"rendered":"<p>[vc_row css=&#8220;.vc_custom_1560597845231{margin-top: 0px !important;margin-right: 0px !important;margin-bottom: 0px !important;margin-left: 0px !important;border-top-width: 0px !important;border-right-width: 0px !important;border-bottom-width: 1px !important;border-left-width: 0px !important;padding-top: 0px !important;padding-right: 0px !important;padding-bottom: 0px !important;padding-left: 0px !important;border-left-color: #000000 !important;border-left-style: solid !important;border-right-color: #000000 !important;border-right-style: solid !important;border-top-color: #000000 !important;border-top-style: solid !important;border-bottom-color: #000000 !important;border-bottom-style: solid !important;}&#8220;][vc_column css=&#8220;.vc_custom_1560597831157{margin: 0px !important;padding: 0px !important;border: 0px initial !important;}&#8220;][\/vc_column][\/vc_row][vc_row css=&#8220;.vc_custom_1560595585956{margin-top: 50px !important;margin-bottom: 50px !important;}&#8220;][vc_column<\/p>\n<a href=\"https:\/\/www.elferrooms.de\/wp\/rooms\/\" class=\"sohohotel-more-link\">Read More<i class=\"fa fa-angle-right\"><\/i><\/a>","protected":false},"author":2,"featured_media":0,"parent":0,"menu_order":0,"comment_status":"closed","ping_status":"closed","template":"","meta":{"footnotes":""},"class_list":["post-1981","page","type-page","status-publish","hentry"],"_links":{"self":[{"href":"https:\/\/www.elferrooms.de\/wp\/wp-json\/wp\/v2\/pages\/1981"}],"collection":[{"href":"https:\/\/www.elferrooms.de\/wp\/wp-json\/wp\/v2\/pages"}],"about":[{"href":"https:\/\/www.elferrooms.de\/wp\/wp-json\/wp\/v2\/types\/page"}],"author":[{"embeddable":true,"href":"https:\/\/www.elferrooms.de\/wp\/wp-json\/wp\/v2\/users\/2"}],"replies":[{"embeddable":true,"href":"https:\/\/www.elferrooms.de\/wp\/wp-json\/wp\/v2\/comments?post=1981"}],"version-history":[{"count":80,"href":"https:\/\/www.elferrooms.de\/wp\/wp-json\/wp\/v2\/pages\/1981\/revisions"}],"predecessor-version":[{"id":2733,"href":"https:\/\/www.elferrooms.de\/wp\/wp-json\/wp\/v2\/pages\/1981\/revisions\/2733"}],"wp:attachment":[{"href":"https:\/\/www.elferrooms.de\/wp\/wp-json\/wp\/v2\/media?parent=1981"}],"curies":[{"name":"wp","href":"https:\/\/api.w.org\/{rel}","templated":true}]}}